{"id":1487,"date":"2020-08-07T15:51:29","date_gmt":"2020-08-07T15:51:29","guid":{"rendered":"https:\/\/asalvo.net\/wp\/?page_id=1487"},"modified":"2020-08-07T15:56:17","modified_gmt":"2020-08-07T15:56:17","slug":"politica-de-privacidad","status":"publish","type":"page","link":"https:\/\/asalvo.net\/wp\/?page_id=1487","title":{"rendered":"Politica de privacidad."},"content":{"rendered":"<p>En cumplimiento del Reglamento General de Protecci\u00f3n de Datos de la UE 2016\/679 del Parlamento Europeo y del Consejo, de 27 de abril de 2016. (RGPD) y la la Ley Org\u00e1nica 3\/2018, de 5 de diciembre, de Protecci\u00f3n de Datos Personales y garant\u00eda de los derechos digitales (LOPDGDD) le informamos sobre nuestra Pol\u00edtica de Privacidad:<br \/>\nTitular: ASALVO CONSULTORES, SL<br \/>\nCIF: B-53794731<br \/>\nCorreo electr\u00f3nico: info@asalvo.net Tel\u00e9fono: +34 966 85 17 99<br \/>\nEn nombre de la empresa tratamos la informaci\u00f3n que nos facilita con el fin de proporcionarle la informaci\u00f3n solicitada por usted. Los datos proporcionados se conservar\u00e1n mientras se mantenga la relaci\u00f3n comercial o durante los a\u00f1os necesarios para cumplir con las obligaciones legales. Los datos no se ceder\u00e1n a terceros. Tiene derecho a acceder a sus datos personales, rectificar los datos inexactos o solicitar su supresi\u00f3n cuando los datos ya no sean necesarios dirigi\u00e9ndose a la direcci\u00f3n del Responsable indicada anteriormente.<\/p>\n","protected":false},"excerpt":{"rendered":"<p>En cumplimiento del Reglamento General de Protecci\u00f3n de Datos de la UE 2016\/679 del Parlamento Europeo y del Consejo, de 27 de abril de 2016. (RGPD) y la la Ley &#8230;<\/p>\n","protected":false},"author":1,"featured_media":0,"parent":0,"menu_order":0,"comment_status":"closed","ping_status":"closed","template":"template-fullwidth.php","meta":{"footnotes":""},"_links":{"self":[{"href":"https:\/\/asalvo.net\/wp\/index.php?rest_route=\/wp\/v2\/pages\/1487"}],"collection":[{"href":"https:\/\/asalvo.net\/wp\/index.php?rest_route=\/wp\/v2\/pages"}],"about":[{"href":"https:\/\/asalvo.net\/wp\/index.php?rest_route=\/wp\/v2\/types\/page"}],"author":[{"embeddable":true,"href":"https:\/\/asalvo.net\/wp\/index.php?rest_route=\/wp\/v2\/users\/1"}],"replies":[{"embeddable":true,"href":"https:\/\/asalvo.net\/wp\/index.php?rest_route=%2Fwp%2Fv2%2Fcomments&post=1487"}],"version-history":[{"count":2,"href":"https:\/\/asalvo.net\/wp\/index.php?rest_route=\/wp\/v2\/pages\/1487\/revisions"}],"predecessor-version":[{"id":1489,"href":"https:\/\/asalvo.net\/wp\/index.php?rest_route=\/wp\/v2\/pages\/1487\/revisions\/1489"}],"wp:attachment":[{"href":"https:\/\/asalvo.net\/wp\/index.php?rest_route=%2Fwp%2Fv2%2Fmedia&parent=1487"}],"curies":[{"name":"wp","href":"https:\/\/api.w.org\/{rel}","templated":true}]}}